{"id":4400,"date":"2021-10-12T15:51:09","date_gmt":"2021-10-12T15:51:09","guid":{"rendered":"http:\/\/dummy.xtemos.com\/woodmart2\/elementor\/?page_id=4400"},"modified":"2025-08-21T15:05:37","modified_gmt":"2025-08-21T15:05:37","slug":"hakkimizda","status":"publish","type":"page","link":"https:\/\/varisliticaret.com\/index.php\/hakkimizda\/","title":{"rendered":"Hakk\u0131m\u0131zda"},"content":{"rendered":"\t\t<div data-elementor-type=\"wp-page\" data-elementor-id=\"4400\" class=\"elementor elementor-4400\">\n\t\t\t\t<div class=\"wd-negative-gap elementor-element elementor-element-1c90c3f wd-section-stretch e-flex e-con-boxed e-con e-parent\" data-id=\"1c90c3f\" data-element_type=\"container\" data-settings=\"{&quot;background_background&quot;:&quot;classic&quot;}\">\n\t\t\t\t\t<div class=\"e-con-inner\">\n\t\t\t\t<div class=\"elementor-element elementor-element-5d57672 elementor-widget__width-initial elementor-widget-tablet__width-inherit wd-width-100 elementor-widget elementor-widget-wd_title\" data-id=\"5d57672\" data-element_type=\"widget\" data-widget_type=\"wd_title.default\">\n\t\t\t\t<div class=\"elementor-widget-container\">\n\t\t\t\t\t\t\t<div class=\"title-wrapper wd-set-mb reset-last-child wd-title-color-primary wd-title-style-default wd-title-size-large text-left\">\n\n\t\t\t\n\t\t\t<div class=\"liner-continer\">\n\t\t\t\t<h4 class=\"woodmart-title-container title wd-fontsize-xxl\">\u201c1985\u2019ten Bug\u00fcne Ayakkab\u0131n\u0131n G\u00fcvencesi.\u201d<\/h4> \n\t\t\t\t\t\t\t<\/div>\n\n\t\t\t\t\t<\/div>\n\t\t\t\t\t\t<\/div>\n\t\t\t\t<\/div>\n\t\t\t\t<div class=\"elementor-element elementor-element-9c05225 elementor-widget__width-initial elementor-widget elementor-widget-wd_infobox\" data-id=\"9c05225\" data-element_type=\"widget\" data-widget_type=\"wd_infobox.default\">\n\t\t\t\t<div class=\"elementor-widget-container\">\n\t\t\t\t\t\t\t<div class=\"info-box-wrapper\">\n\t\t\t<div class=\"wd-info-box text-left box-icon-align-top box-style-base color-scheme-\">\n\t\t\t\t\n\t\t\t\t<div class=\"info-box-content\">\n\t\t\t\t\t\n\t\t\t\t\t\t\t\t\t\t\t<h4\t\t\t\t\t\tclass=\"info-box-title title box-title-style-default wd-fontsize-m\" data-elementor-setting-key=\"title\">\n\t\t\t\t\t\t\t\tVizyonumuz\t\t\t\t\t\t<\/h4>\n\t\t\t\t\t\n\t\t\t\t\t<div class=\"info-box-inner reset-last-child\"data-elementor-setting-key=\"content\"><p>Kalite, g\u00fcven ve yenilik\u00e7ilikle \u00f6nc\u00fc bir marka olarak hem T\u00fcrkiye\u2019de hem de uluslararas\u0131 pazarda tercih edilen firma olmak.<\/p>\n<\/div>\n\n\t\t\t\t\t\t\t\t\t<\/div>\n\n\t\t\t\t\t\t\t\t\t<a href=\"#\" class=\"wd-info-box-link wd-fill\" aria-label=\"Infobox link\"><\/a>\n\t\t\t\t\t\t\t<\/div>\n\t\t<\/div>\n\t\t\t\t\t\t<\/div>\n\t\t\t\t<\/div>\n\t\t\t\t<div class=\"elementor-element elementor-element-ec30bde elementor-widget__width-initial elementor-widget elementor-widget-wd_infobox\" data-id=\"ec30bde\" data-element_type=\"widget\" data-widget_type=\"wd_infobox.default\">\n\t\t\t\t<div class=\"elementor-widget-container\">\n\t\t\t\t\t\t\t<div class=\"info-box-wrapper\">\n\t\t\t<div class=\"wd-info-box text-left box-icon-align-top box-style-base color-scheme-\">\n\t\t\t\t\n\t\t\t\t<div class=\"info-box-content\">\n\t\t\t\t\t\n\t\t\t\t\t\t\t\t\t\t\t<h4\t\t\t\t\t\tclass=\"info-box-title title box-title-style-default wd-fontsize-m\" data-elementor-setting-key=\"title\">\n\t\t\t\t\t\t\t\tMisyonumuz\t\t\t\t\t\t<\/h4>\n\t\t\t\t\t\n\t\t\t\t\t<div class=\"info-box-inner reset-last-child\"data-elementor-setting-key=\"content\"><p data-start=\"292\" data-end=\"488\">M\u00fc\u015fterilerimize en kaliteli ayakkab\u0131 ve malzemeleri g\u00fcvenilir, uygun ve s\u00fcrd\u00fcr\u00fclebilir \u015fekilde sunmak;<\/p>\n<\/div>\n\n\t\t\t\t\t\t\t\t\t<\/div>\n\n\t\t\t\t\t\t\t\t\t<a href=\"#\" class=\"wd-info-box-link wd-fill\" aria-label=\"Infobox link\"><\/a>\n\t\t\t\t\t\t\t<\/div>\n\t\t<\/div>\n\t\t\t\t\t\t<\/div>\n\t\t\t\t<\/div>\n\t\t\t\t\t<\/div>\n\t\t\t\t<\/div>\n\t\t<div class=\"wd-negative-gap elementor-element elementor-element-7c7c544 e-flex e-con-boxed e-con e-parent\" data-id=\"7c7c544\" data-element_type=\"container\">\n\t\t\t\t\t<div class=\"e-con-inner\">\n\t\t<div class=\"elementor-element elementor-element-e7cb5cd e-con-full e-flex e-con e-child\" data-id=\"e7cb5cd\" data-element_type=\"container\">\n\t\t\t\t<div class=\"elementor-element elementor-element-56aec39 elementor-widget elementor-widget-wd_image_or_svg\" data-id=\"56aec39\" data-element_type=\"widget\" data-widget_type=\"wd_image_or_svg.default\">\n\t\t\t\t<div class=\"elementor-widget-container\">\n\t\t\t\t\t\n\t\t<div class=\"wd-image text-left\">\n\t\t\t\t\t\t\t\t<img fetchpriority=\"high\" decoding=\"async\" width=\"1024\" height=\"1024\" src=\"https:\/\/varisliticaret.com\/wp-content\/uploads\/2025\/08\/varisli-87653.jpg\" class=\"attachment-full size-full\" alt=\"\" srcset=\"https:\/\/varisliticaret.com\/wp-content\/uploads\/2025\/08\/varisli-87653.jpg 1024w, https:\/\/varisliticaret.com\/wp-content\/uploads\/2025\/08\/varisli-87653-300x300.jpg 300w, https:\/\/varisliticaret.com\/wp-content\/uploads\/2025\/08\/varisli-87653-800x800.jpg 800w, https:\/\/varisliticaret.com\/wp-content\/uploads\/2025\/08\/varisli-87653-150x150.jpg 150w, https:\/\/varisliticaret.com\/wp-content\/uploads\/2025\/08\/varisli-87653-768x768.jpg 768w, https:\/\/varisliticaret.com\/wp-content\/uploads\/2025\/08\/varisli-87653-430x430.jpg 430w, https:\/\/varisliticaret.com\/wp-content\/uploads\/2025\/08\/varisli-87653-700x700.jpg 700w\" sizes=\"(max-width: 1024px) 100vw, 1024px\" \/>\t\t\t\t\t<\/div>\n\n\t\t\t\t\t\t<\/div>\n\t\t\t\t<\/div>\n\t\t\t\t<\/div>\n\t\t<div class=\"elementor-element elementor-element-97d6084 e-con-full e-flex e-con e-child\" data-id=\"97d6084\" data-element_type=\"container\">\n\t\t\t\t<div class=\"elementor-element elementor-element-98d830b wd-width-100 elementor-widget elementor-widget-wd_title\" data-id=\"98d830b\" data-element_type=\"widget\" data-widget_type=\"wd_title.default\">\n\t\t\t\t<div class=\"elementor-widget-container\">\n\t\t\t\t\t\t\t<div class=\"title-wrapper wd-set-mb reset-last-child wd-title-color-primary wd-title-style-default wd-title-size-large text-left\">\n\n\t\t\t\t\t\t\t\t\t\t\t<div class=\"title-subtitle subtitle-color-primary subtitle-style-default wd-fontsize-xs\">\n\t\t\t\t\tHakk\u0131m\u0131zda \t\t\t\t<\/div>\n\t\t\t\n\t\t\t<div class=\"liner-continer\">\n\t\t\t\t<h4 class=\"woodmart-title-container title wd-fontsize-xxl\">\u2013 Var\u0131\u015fl\u0131 Ayakkab\u0131<\/h4> \n\t\t\t\t\t\t\t<\/div>\n\n\t\t\t\t\t<\/div>\n\t\t\t\t\t\t<\/div>\n\t\t\t\t<\/div>\n\t\t\t\t<div class=\"elementor-element elementor-element-66e47ad elementor-widget elementor-widget-wd_text_block\" data-id=\"66e47ad\" data-element_type=\"widget\" data-widget_type=\"wd_text_block.default\">\n\t\t\t\t<div class=\"elementor-widget-container\">\n\t\t\t\t\t\t\t<div class=\"wd-text-block reset-last-child text-left\">\n\t\t\t\n\t\t\t<p data-start=\"151\" data-end=\"506\">1985 y\u0131l\u0131ndan bu yana ayakkab\u0131 sekt\u00f6r\u00fcnde faaliyet g\u00f6steren <strong data-start=\"211\" data-end=\"231\">Var\u0131\u015fl\u0131 Ayakkab\u0131<\/strong>, k\u00f6kl\u00fc ge\u00e7mi\u015fi ve tecr\u00fcbesiyle bug\u00fcn T\u00fcrkiye\u2019nin en g\u00fcvenilir isimlerinden biri olmay\u0131 ba\u015farm\u0131\u015ft\u0131r. Kuruldu\u011fu g\u00fcnden itibaren m\u00fc\u015fteri memnuniyetini ve kaliteyi temel ilke edinen firmam\u0131z, hem ayakkab\u0131 \u00fcretimi hem de ayakkab\u0131 malzemeleri alan\u0131nda sekt\u00f6re de\u011fer katmaktad\u0131r.<\/p><p data-start=\"508\" data-end=\"906\">Uzun y\u0131llara dayanan sekt\u00f6r deneyimimiz sayesinde, yaln\u0131zca nihai t\u00fcketiciye de\u011fil, ayn\u0131 zamanda ayakkab\u0131 \u00fcreticilerine ve tedarik\u00e7ilere de geni\u015f \u00fcr\u00fcn yelpazemizle hizmet sunmaktay\u0131z. Dayan\u0131kl\u0131, estetik ve konforlu ayakkab\u0131lar\u0131m\u0131z\u0131n yan\u0131 s\u0131ra; deriden tabana, saya malzemelerinden aksesuar ve yan \u00fcr\u00fcnlere kadar ayakkab\u0131 \u00fcretiminde ihtiya\u00e7 duyulan her t\u00fcrl\u00fc malzemeyi g\u00fcvenle temin edebilirsiniz.<\/p><p data-start=\"1414\" data-end=\"1576\">M\u00fc\u015fterilerimizle kurdu\u011fumuz uzun soluklu i\u015f ili\u015fkileri ve her ge\u00e7en g\u00fcn b\u00fcy\u00fcyen ailemizin verdi\u011fi g\u00fc\u00e7le, <strong data-start=\"1519\" data-end=\"1553\">\u201ckalitede \u00f6nc\u00fc, g\u00fcvende adres\u201d<\/strong> olmay\u0131 s\u00fcrd\u00fcr\u00fcyoruz.<\/p>\n\t\t\t\t\t<\/div>\n\t\t\t\t\t\t<\/div>\n\t\t\t\t<\/div>\n\t\t\t\t<\/div>\n\t\t\t\t\t<\/div>\n\t\t\t\t<\/div>\n\t\t\t\t<\/div>\n\t\t","protected":false},"excerpt":{"rendered":"<p>\u201c1985\u2019ten Bug\u00fcne Ayakkab\u0131n\u0131n G\u00fcvencesi.\u201d Vizyonumuz Kalite, g\u00fcven ve yenilik\u00e7ilikle \u00f6nc\u00fc bir marka olarak hem T\u00fcrkiye\u2019de hem de uluslararas\u0131 pazarda tercih<\/p>\n","protected":false},"author":1,"featured_media":0,"parent":0,"menu_order":0,"comment_status":"closed","ping_status":"closed","template":"","meta":{"footnotes":""},"class_list":["post-4400","page","type-page","status-publish","hentry"],"_links":{"self":[{"href":"https:\/\/varisliticaret.com\/index.php\/wp-json\/wp\/v2\/pages\/4400","targetHints":{"allow":["GET"]}}],"collection":[{"href":"https:\/\/varisliticaret.com\/index.php\/wp-json\/wp\/v2\/pages"}],"about":[{"href":"https:\/\/varisliticaret.com\/index.php\/wp-json\/wp\/v2\/types\/page"}],"author":[{"embeddable":true,"href":"https:\/\/varisliticaret.com\/index.php\/wp-json\/wp\/v2\/users\/1"}],"replies":[{"embeddable":true,"href":"https:\/\/varisliticaret.com\/index.php\/wp-json\/wp\/v2\/comments?post=4400"}],"version-history":[{"count":7,"href":"https:\/\/varisliticaret.com\/index.php\/wp-json\/wp\/v2\/pages\/4400\/revisions"}],"predecessor-version":[{"id":29279,"href":"https:\/\/varisliticaret.com\/index.php\/wp-json\/wp\/v2\/pages\/4400\/revisions\/29279"}],"wp:attachment":[{"href":"https:\/\/varisliticaret.com\/index.php\/wp-json\/wp\/v2\/media?parent=4400"}],"curies":[{"name":"wp","href":"https:\/\/api.w.org\/{rel}","templated":true}]}}