{"id":29319,"date":"2025-08-25T15:42:47","date_gmt":"2025-08-25T15:42:47","guid":{"rendered":"https:\/\/varisliticaret.com\/?post_type=product&#038;p=29319"},"modified":"2025-08-25T15:50:25","modified_gmt":"2025-08-25T15:50:25","slug":"denlaks-tp-3100-5","status":"publish","type":"product","link":"https:\/\/varisliticaret.com\/index.php\/urun\/denlaks-tp-3100-5\/","title":{"rendered":"Denlaks TP 3100\/5"},"content":{"rendered":"<p>Denlaks TP 3100\u00a0 solvent bazl\u0131, y\u00fcksek yap\u0131\u015ft\u0131rma g\u00fcc\u00fcne sahip, kullan\u0131ma haz\u0131r poli\u00fcretan re\u00e7ine esasl\u0131 yap\u0131\u015ft\u0131r\u0131c\u0131d\u0131r.<\/p>\n<p>Kullan\u0131m Alan\u0131:<\/p>\n<ul>\n<li>\u00d6zellikle PU ve PVC taban yap\u0131\u015ft\u0131r\u0131lmas\u0131nda kullan\u0131l\u0131r.<\/li>\n<li>Termokau\u00e7uk, sentetik ve tabii kau\u00e7uk tabanlar\u0131n yap\u0131\u015ft\u0131r\u0131lmas\u0131nda uygundur.<\/li>\n<li>PVC \u015fi\u015fme bot yama ve patlak onar\u0131mlar\u0131nda da etkilidir.<\/li>\n<\/ul>\n<p>\u00dcr\u00fcn \u00d6zellikleri Ve Avantajlar\u0131:<\/p>\n<ul>\n<li>Rengi: \u015eeffaf<\/li>\n<li>Viskozite: 3500 \u00b1 250 cps (20\u00b0C Brookfield)<\/li>\n<li>Kuru maddesi: %17\u00b11<\/li>\n<li>Kuruma s\u00fcresi: 10-20 dakika (Ortam s\u0131cakl\u0131\u011f\u0131na ba\u011fl\u0131d\u0131r)<\/li>\n<li>Y\u00fcksek yap\u0131\u015ft\u0131rma g\u00fcc\u00fc<\/li>\n<li>Solvent bazl\u0131 ve uzun \u00f6m\u00fcrl\u00fc<\/li>\n<li>Geni\u015f uygulama alan\u0131<\/li>\n<li>Kolay uygulama talimatlar\u0131<\/li>\n<\/ul>\n<p>Uygulama:<\/p>\n<ul>\n<li>Yap\u0131\u015ft\u0131r\u0131lacak y\u00fczeyleri toz ve kirden ar\u0131nd\u0131r\u0131n.<\/li>\n<li>T\u00fcm y\u00fczeylere gerekirse hafif z\u0131mpara yap\u0131n.<\/li>\n<li>Yap\u0131\u015ft\u0131r\u0131c\u0131 s\u00fcrelen y\u00fczeyler ortalama 10 dk kuruduktan sonra, yap\u0131\u015ft\u0131r\u0131c\u0131 s\u00fcr\u00fclen y\u00fczeylere s\u0131cak hava tabancas\u0131 ya da sa\u00e7 kurutma makinesi ile \u0131s\u0131 uygulay\u0131n.<\/li>\n<li>Is\u0131 uygulanan yap\u0131\u015ft\u0131r\u0131c\u0131 s\u00fcr\u00fclm\u00fc\u015f y\u00fczeylerdeki yap\u0131\u015ft\u0131r\u0131c\u0131lar \u0131s\u0131 ile hafif\u00e7e kabaracakt\u0131r.<\/li>\n<li>Uygulan \u0131s\u0131 so\u011fumadan yap\u0131\u015ft\u0131rma i\u015flemini bir defada ger\u00e7ekle\u015ftirin.<\/li>\n<li>\u0130mkan varsa 1 g\u00fcn kadar a\u011f\u0131rl\u0131k alt\u0131nda presleyin.<\/li>\n<\/ul>\n<p><img decoding=\"async\" class=\"alignnone wp-image-29316\" src=\"https:\/\/varisliticaret.com\/wp-content\/uploads\/2025\/08\/Denlaks-TP-3100-19-luk-3-300x300.jpg\" alt=\"\" width=\"186\" height=\"186\" srcset=\"https:\/\/varisliticaret.com\/wp-content\/uploads\/2025\/08\/Denlaks-TP-3100-19-luk-3-300x300.jpg 300w, https:\/\/varisliticaret.com\/wp-content\/uploads\/2025\/08\/Denlaks-TP-3100-19-luk-3-800x800.jpg 800w, https:\/\/varisliticaret.com\/wp-content\/uploads\/2025\/08\/Denlaks-TP-3100-19-luk-3-150x150.jpg 150w, https:\/\/varisliticaret.com\/wp-content\/uploads\/2025\/08\/Denlaks-TP-3100-19-luk-3-768x768.jpg 768w, https:\/\/varisliticaret.com\/wp-content\/uploads\/2025\/08\/Denlaks-TP-3100-19-luk-3-430x430.jpg 430w, https:\/\/varisliticaret.com\/wp-content\/uploads\/2025\/08\/Denlaks-TP-3100-19-luk-3-700x700.jpg 700w, https:\/\/varisliticaret.com\/wp-content\/uploads\/2025\/08\/Denlaks-TP-3100-19-luk-3.jpg 1180w\" sizes=\"(max-width: 186px) 100vw, 186px\" \/><img fetchpriority=\"high\" decoding=\"async\" class=\"alignnone wp-image-29314\" src=\"https:\/\/varisliticaret.com\/wp-content\/uploads\/2025\/08\/Denlaks-TP-3100-5-lik-400x210.webp\" alt=\"\" width=\"309\" height=\"162\" srcset=\"https:\/\/varisliticaret.com\/wp-content\/uploads\/2025\/08\/Denlaks-TP-3100-5-lik-400x210.webp 400w, https:\/\/varisliticaret.com\/wp-content\/uploads\/2025\/08\/Denlaks-TP-3100-5-lik-768x403.webp 768w, https:\/\/varisliticaret.com\/wp-content\/uploads\/2025\/08\/Denlaks-TP-3100-5-lik-430x226.webp 430w, https:\/\/varisliticaret.com\/wp-content\/uploads\/2025\/08\/Denlaks-TP-3100-5-lik-700x368.webp 700w, https:\/\/varisliticaret.com\/wp-content\/uploads\/2025\/08\/Denlaks-TP-3100-5-lik-150x79.webp 150w, https:\/\/varisliticaret.com\/wp-content\/uploads\/2025\/08\/Denlaks-TP-3100-5-lik.webp 1200w\" sizes=\"(max-width: 309px) 100vw, 309px\" \/><img decoding=\"async\" class=\"alignnone wp-image-29313\" src=\"https:\/\/varisliticaret.com\/wp-content\/uploads\/2025\/08\/Denlaks-TP-3100-1-lik-2-400x210.jpg\" alt=\"\" width=\"265\" height=\"139\" srcset=\"https:\/\/varisliticaret.com\/wp-content\/uploads\/2025\/08\/Denlaks-TP-3100-1-lik-2-400x210.jpg 400w, https:\/\/varisliticaret.com\/wp-content\/uploads\/2025\/08\/Denlaks-TP-3100-1-lik-2-430x226.jpg 430w, https:\/\/varisliticaret.com\/wp-content\/uploads\/2025\/08\/Denlaks-TP-3100-1-lik-2-150x79.jpg 150w, https:\/\/varisliticaret.com\/wp-content\/uploads\/2025\/08\/Denlaks-TP-3100-1-lik-2.jpg 600w\" sizes=\"(max-width: 265px) 100vw, 265px\" \/><\/p>\n","protected":false},"excerpt":{"rendered":"<p>Denlaks TP 3100\u00a0 solvent bazl\u0131, y\u00fcksek yap\u0131\u015ft\u0131rma g\u00fcc\u00fcne sahip, kullan\u0131ma haz\u0131r poli\u00fcretan re\u00e7ine esasl\u0131 yap\u0131\u015ft\u0131r\u0131c\u0131d\u0131r. Kullan\u0131m Alan\u0131: \u00d6zellikle PU ve<\/p>\n","protected":false},"featured_media":29314,"comment_status":"open","ping_status":"closed","template":"","meta":[],"product_brand":[78],"product_cat":[75],"product_tag":[],"class_list":{"0":"post-29319","1":"product","2":"type-product","3":"status-publish","4":"has-post-thumbnail","6":"product_brand-denlaks","7":"product_cat-yapistiricilar","9":"first","10":"instock","11":"shipping-taxable","12":"product-type-simple"},"_links":{"self":[{"href":"https:\/\/varisliticaret.com\/index.php\/wp-json\/wp\/v2\/product\/29319","targetHints":{"allow":["GET"]}}],"collection":[{"href":"https:\/\/varisliticaret.com\/index.php\/wp-json\/wp\/v2\/product"}],"about":[{"href":"https:\/\/varisliticaret.com\/index.php\/wp-json\/wp\/v2\/types\/product"}],"replies":[{"embeddable":true,"href":"https:\/\/varisliticaret.com\/index.php\/wp-json\/wp\/v2\/comments?post=29319"}],"version-history":[{"count":2,"href":"https:\/\/varisliticaret.com\/index.php\/wp-json\/wp\/v2\/product\/29319\/revisions"}],"predecessor-version":[{"id":29329,"href":"https:\/\/varisliticaret.com\/index.php\/wp-json\/wp\/v2\/product\/29319\/revisions\/29329"}],"wp:featuredmedia":[{"embeddable":true,"href":"https:\/\/varisliticaret.com\/index.php\/wp-json\/wp\/v2\/media\/29314"}],"wp:attachment":[{"href":"https:\/\/varisliticaret.com\/index.php\/wp-json\/wp\/v2\/media?parent=29319"}],"wp:term":[{"taxonomy":"product_brand","embeddable":true,"href":"https:\/\/varisliticaret.com\/index.php\/wp-json\/wp\/v2\/product_brand?post=29319"},{"taxonomy":"product_cat","embeddable":true,"href":"https:\/\/varisliticaret.com\/index.php\/wp-json\/wp\/v2\/product_cat?post=29319"},{"taxonomy":"product_tag","embeddable":true,"href":"https:\/\/varisliticaret.com\/index.php\/wp-json\/wp\/v2\/product_tag?post=29319"}],"curies":[{"name":"wp","href":"https:\/\/api.w.org\/{rel}","templated":true}]}}