{"id":29342,"date":"2025-09-02T12:12:07","date_gmt":"2025-09-02T12:12:07","guid":{"rendered":"https:\/\/varisliticaret.com\/?post_type=product&#038;p=29342"},"modified":"2025-09-02T12:12:07","modified_gmt":"2025-09-02T12:12:07","slug":"guclu-gold-2121","status":"publish","type":"product","link":"https:\/\/varisliticaret.com\/index.php\/urun\/guclu-gold-2121\/","title":{"rendered":"G\u00dc\u00c7L\u00dc GOLD-2121"},"content":{"rendered":"<p>Marka : G\u00dc\u00c7L\u00dc<\/p>\n<p>Yap\u0131\u015ft\u0131r\u0131c\u0131 Cinsi : Solvent Bazl\u0131<\/p>\n<p>Teknik \u00d6zellikler : D\u00fc\u015f\u00fck viskozite, \u015eeffaf yap\u0131ya sahiptir.<\/p>\n<p>Kullan\u0131m Alanlar\u0131 : Ayakkab\u0131 ve deri sekt\u00f6r\u00fc , otomotiv sekt\u00f6r\u00fc , matbaa , ambalaj , promosyon<\/p>\n<p>Uygunluk : Deri,Kau\u00e7uk,Termo,Poli\u00fcretan,Mikro,PVC,TPU,EVA,Faylon,Neolit,Naylon,Polyester,ABS,Polistiren<\/p>\n<p>Uygulama : F\u0131r\u00e7a ve rulolu makineler ile uygulan\u0131r. Yap\u0131\u015ft\u0131r\u0131c\u0131 uygulanmadan \u00f6nce y\u00fczey temizleme ve y\u00fczey haz\u0131rlama i\u015flemlerinin yap\u0131lmas\u0131 gerekmektedir.<\/p>\n","protected":false},"excerpt":{"rendered":"<p>Marka : G\u00dc\u00c7L\u00dc Yap\u0131\u015ft\u0131r\u0131c\u0131 Cinsi : Solvent Bazl\u0131 Teknik \u00d6zellikler : D\u00fc\u015f\u00fck viskozite, \u015eeffaf yap\u0131ya sahiptir. Kullan\u0131m Alanlar\u0131 : Ayakkab\u0131<\/p>\n","protected":false},"featured_media":29345,"comment_status":"open","ping_status":"closed","template":"","meta":[],"product_brand":[79],"product_cat":[75],"product_tag":[],"class_list":{"0":"post-29342","1":"product","2":"type-product","3":"status-publish","4":"has-post-thumbnail","6":"product_brand-guclu","7":"product_cat-yapistiricilar","9":"first","10":"instock","11":"shipping-taxable","12":"product-type-simple"},"_links":{"self":[{"href":"https:\/\/varisliticaret.com\/index.php\/wp-json\/wp\/v2\/product\/29342","targetHints":{"allow":["GET"]}}],"collection":[{"href":"https:\/\/varisliticaret.com\/index.php\/wp-json\/wp\/v2\/product"}],"about":[{"href":"https:\/\/varisliticaret.com\/index.php\/wp-json\/wp\/v2\/types\/product"}],"replies":[{"embeddable":true,"href":"https:\/\/varisliticaret.com\/index.php\/wp-json\/wp\/v2\/comments?post=29342"}],"version-history":[{"count":1,"href":"https:\/\/varisliticaret.com\/index.php\/wp-json\/wp\/v2\/product\/29342\/revisions"}],"predecessor-version":[{"id":29346,"href":"https:\/\/varisliticaret.com\/index.php\/wp-json\/wp\/v2\/product\/29342\/revisions\/29346"}],"wp:featuredmedia":[{"embeddable":true,"href":"https:\/\/varisliticaret.com\/index.php\/wp-json\/wp\/v2\/media\/29345"}],"wp:attachment":[{"href":"https:\/\/varisliticaret.com\/index.php\/wp-json\/wp\/v2\/media?parent=29342"}],"wp:term":[{"taxonomy":"product_brand","embeddable":true,"href":"https:\/\/varisliticaret.com\/index.php\/wp-json\/wp\/v2\/product_brand?post=29342"},{"taxonomy":"product_cat","embeddable":true,"href":"https:\/\/varisliticaret.com\/index.php\/wp-json\/wp\/v2\/product_cat?post=29342"},{"taxonomy":"product_tag","embeddable":true,"href":"https:\/\/varisliticaret.com\/index.php\/wp-json\/wp\/v2\/product_tag?post=29342"}],"curies":[{"name":"wp","href":"https:\/\/api.w.org\/{rel}","templated":true}]}}