{"id":29347,"date":"2025-09-02T12:54:21","date_gmt":"2025-09-02T12:54:21","guid":{"rendered":"https:\/\/varisliticaret.com\/?post_type=product&#038;p=29347"},"modified":"2025-09-02T12:58:41","modified_gmt":"2025-09-02T12:58:41","slug":"neosive-n-79","status":"publish","type":"product","link":"https:\/\/varisliticaret.com\/index.php\/urun\/neosive-n-79\/","title":{"rendered":"NEOS\u0130VE N-79"},"content":{"rendered":"<p>Marka : G\u00dc\u00c7L\u00dc<\/p>\n<p>Yap\u0131\u015ft\u0131r\u0131c\u0131 Cinsi : Solvent Bazl\u0131<\/p>\n<p>Teknik \u00d6zellikler : Orta viskozite, \u015eeffaf Sar\u0131 yap\u0131ya sahiptir.<\/p>\n<p>Kullan\u0131m Alan\u0131 : Ayakkab\u0131 ve deri sekt\u00f6r\u00fc , otomotiv sekt\u00f6r\u00fc , matbaa , ambalaj , promosyon<\/p>\n<p>Uygunluk : Deri,Ah\u015fap,Ka\u011f\u0131t,EVA,EPDM,Neopren,Do\u011fal Malzemeler<\/p>\n<p>Uygulama : F\u0131r\u00e7a ve rulolu makineler ile uygulan\u0131r. Yap\u0131\u015ft\u0131r\u0131c\u0131 uygulanmadan \u00f6nce y\u00fczey temizleme ve y\u00fczey haz\u0131rlama i\u015flemlerinin yap\u0131lmas\u0131 gerekmektedir.<\/p>\n<p>NOT : NEOS\u0130VE G\u00dc\u00c7L\u00dc&#8217;N\u00dcN \u00dcRET\u0130M\u0130NDE OLAN B\u0130R MARKADIR.<\/p>\n","protected":false},"excerpt":{"rendered":"<p>Marka : G\u00dc\u00c7L\u00dc Yap\u0131\u015ft\u0131r\u0131c\u0131 Cinsi : Solvent Bazl\u0131 Teknik \u00d6zellikler : Orta viskozite, \u015eeffaf Sar\u0131 yap\u0131ya sahiptir. Kullan\u0131m Alan\u0131 :<\/p>\n","protected":false},"featured_media":29348,"comment_status":"open","ping_status":"closed","template":"","meta":[],"product_brand":[79],"product_cat":[75],"product_tag":[],"class_list":{"0":"post-29347","1":"product","2":"type-product","3":"status-publish","4":"has-post-thumbnail","6":"product_brand-guclu","7":"product_cat-yapistiricilar","9":"first","10":"instock","11":"shipping-taxable","12":"product-type-simple"},"_links":{"self":[{"href":"https:\/\/varisliticaret.com\/index.php\/wp-json\/wp\/v2\/product\/29347","targetHints":{"allow":["GET"]}}],"collection":[{"href":"https:\/\/varisliticaret.com\/index.php\/wp-json\/wp\/v2\/product"}],"about":[{"href":"https:\/\/varisliticaret.com\/index.php\/wp-json\/wp\/v2\/types\/product"}],"replies":[{"embeddable":true,"href":"https:\/\/varisliticaret.com\/index.php\/wp-json\/wp\/v2\/comments?post=29347"}],"version-history":[{"count":1,"href":"https:\/\/varisliticaret.com\/index.php\/wp-json\/wp\/v2\/product\/29347\/revisions"}],"predecessor-version":[{"id":29350,"href":"https:\/\/varisliticaret.com\/index.php\/wp-json\/wp\/v2\/product\/29347\/revisions\/29350"}],"wp:featuredmedia":[{"embeddable":true,"href":"https:\/\/varisliticaret.com\/index.php\/wp-json\/wp\/v2\/media\/29348"}],"wp:attachment":[{"href":"https:\/\/varisliticaret.com\/index.php\/wp-json\/wp\/v2\/media?parent=29347"}],"wp:term":[{"taxonomy":"product_brand","embeddable":true,"href":"https:\/\/varisliticaret.com\/index.php\/wp-json\/wp\/v2\/product_brand?post=29347"},{"taxonomy":"product_cat","embeddable":true,"href":"https:\/\/varisliticaret.com\/index.php\/wp-json\/wp\/v2\/product_cat?post=29347"},{"taxonomy":"product_tag","embeddable":true,"href":"https:\/\/varisliticaret.com\/index.php\/wp-json\/wp\/v2\/product_tag?post=29347"}],"curies":[{"name":"wp","href":"https:\/\/api.w.org\/{rel}","templated":true}]}}