{"id":29353,"date":"2025-09-02T13:18:42","date_gmt":"2025-09-02T13:18:42","guid":{"rendered":"https:\/\/varisliticaret.com\/?post_type=product&#038;p=29353"},"modified":"2025-09-02T13:18:43","modified_gmt":"2025-09-02T13:18:43","slug":"guclu-g-99","status":"publish","type":"product","link":"https:\/\/varisliticaret.com\/index.php\/urun\/guclu-g-99\/","title":{"rendered":"G\u00dc\u00c7L\u00dc G-99"},"content":{"rendered":"<p>Marka : G\u00dc\u00c7L\u00dc<\/p>\n<p>Yap\u0131\u015ft\u0131r\u0131c\u0131 Cinsi : Solvent Bazl\u0131<\/p>\n<p>Teknik \u00d6zellikler : Is\u0131 Dayan\u0131ml\u0131, Orta viskozite, \u015eeffaf Sar\u0131 yap\u0131ya sahip.<\/p>\n<p>Kullan\u0131m Alan\u0131 : Ayakkab\u0131 ve deri sekt\u00f6r\u00fc , otomotiv sekt\u00f6r\u00fc , matbaa , ambalaj , promosyon<\/p>\n<p>Uygunluk : Deri,Ah\u015fap,Ka\u011f\u0131t,EVA,EPDM,Neopren,Do\u011fal Malzemeler<\/p>\n<p>Uygulama : F\u0131r\u00e7a ve rulolu makineler ile uygulan\u0131r. Yap\u0131\u015ft\u0131r\u0131c\u0131 uygulanmadan \u00f6nce y\u00fczey temizleme ve y\u00fczey haz\u0131rlama i\u015flemlerinin yap\u0131lmas\u0131 gerekmektedir.<\/p>\n","protected":false},"excerpt":{"rendered":"<p>Marka : G\u00dc\u00c7L\u00dc Yap\u0131\u015ft\u0131r\u0131c\u0131 Cinsi : Solvent Bazl\u0131 Teknik \u00d6zellikler : Is\u0131 Dayan\u0131ml\u0131, Orta viskozite, \u015eeffaf Sar\u0131 yap\u0131ya sahip. Kullan\u0131m<\/p>\n","protected":false},"featured_media":29355,"comment_status":"open","ping_status":"closed","template":"","meta":[],"product_brand":[79],"product_cat":[75],"product_tag":[],"class_list":{"0":"post-29353","1":"product","2":"type-product","3":"status-publish","4":"has-post-thumbnail","6":"product_brand-guclu","7":"product_cat-yapistiricilar","9":"first","10":"instock","11":"shipping-taxable","12":"product-type-simple"},"_links":{"self":[{"href":"https:\/\/varisliticaret.com\/index.php\/wp-json\/wp\/v2\/product\/29353","targetHints":{"allow":["GET"]}}],"collection":[{"href":"https:\/\/varisliticaret.com\/index.php\/wp-json\/wp\/v2\/product"}],"about":[{"href":"https:\/\/varisliticaret.com\/index.php\/wp-json\/wp\/v2\/types\/product"}],"replies":[{"embeddable":true,"href":"https:\/\/varisliticaret.com\/index.php\/wp-json\/wp\/v2\/comments?post=29353"}],"version-history":[{"count":1,"href":"https:\/\/varisliticaret.com\/index.php\/wp-json\/wp\/v2\/product\/29353\/revisions"}],"predecessor-version":[{"id":29356,"href":"https:\/\/varisliticaret.com\/index.php\/wp-json\/wp\/v2\/product\/29353\/revisions\/29356"}],"wp:featuredmedia":[{"embeddable":true,"href":"https:\/\/varisliticaret.com\/index.php\/wp-json\/wp\/v2\/media\/29355"}],"wp:attachment":[{"href":"https:\/\/varisliticaret.com\/index.php\/wp-json\/wp\/v2\/media?parent=29353"}],"wp:term":[{"taxonomy":"product_brand","embeddable":true,"href":"https:\/\/varisliticaret.com\/index.php\/wp-json\/wp\/v2\/product_brand?post=29353"},{"taxonomy":"product_cat","embeddable":true,"href":"https:\/\/varisliticaret.com\/index.php\/wp-json\/wp\/v2\/product_cat?post=29353"},{"taxonomy":"product_tag","embeddable":true,"href":"https:\/\/varisliticaret.com\/index.php\/wp-json\/wp\/v2\/product_tag?post=29353"}],"curies":[{"name":"wp","href":"https:\/\/api.w.org\/{rel}","templated":true}]}}