{"id":29367,"date":"2025-09-10T12:02:59","date_gmt":"2025-09-10T12:02:59","guid":{"rendered":"https:\/\/varisliticaret.com\/?post_type=product&#038;p=29367"},"modified":"2025-09-10T12:03:00","modified_gmt":"2025-09-10T12:03:00","slug":"dunlop-postforming","status":"publish","type":"product","link":"https:\/\/varisliticaret.com\/index.php\/urun\/dunlop-postforming\/","title":{"rendered":"DUNLOP POSTFORM\u0130NG"},"content":{"rendered":"<p>Marka : Dunlop Postforming<\/p>\n<p>A\u00e7\u0131k Kalma S\u00fcresi Tek\/\u00c7ift Y\u00fcz : 5 &#8211; 10 Dakika Ortam S\u0131cakl\u0131\u011f\u0131na Ba\u011fl\u0131<\/p>\n<p>Viskozite : 270 mPas -\/+ 30<\/p>\n<p>Uygulama Ekipman\u0131 : Spreylenebilir<\/p>\n<p>Is\u0131 Dayan\u0131m\u0131 : 100 &#8211; 120 Derece<\/p>\n<p>Yan\u0131c\u0131l\u0131k : Yan\u0131c\u0131 madde<\/p>\n<p>Raf \u00d6mr\u00fc : 12 Ay<\/p>\n<p>Uygulama Alan\u0131 : Mobilya Ve Ah\u015fap End\u00fcstrisi. Plastik Ve Ah\u015fap Kaplamalar\u0131n Sunta Ve Mdf \u00dczerine Yap\u0131\u015ft\u0131r\u0131lmas\u0131 , Deri , Ke\u00e7e , S\u00fcnger Ke\u00e7e Ve Ses \u0130zolasyonu \u0130\u00e7in Tasarlanm\u0131\u015ft\u0131r , Otomotiv ( Tavan &#8211; Zemin &#8211; Koltuk ) , Yatak Ve D\u00f6\u015feme \u00c7elik Esasl\u0131 \u00dcr\u00fcn Sekt\u00f6rleri \u0130\u00e7in de Uygundur. \u00c7ok Ama\u00e7l\u0131 Kontak Ve\u00a0 Y\u00fcksek Is\u0131ya Dayanakl\u0131 Yap\u0131\u015ft\u0131r\u0131c\u0131d\u0131r.<\/p>\n<p><img fetchpriority=\"high\" decoding=\"async\" class=\"alignnone  wp-image-29365\" src=\"https:\/\/varisliticaret.com\/wp-content\/uploads\/2025\/09\/DUNLOP-POSTFORMING.avif\" alt=\"\" width=\"280\" height=\"280\" \/><\/p>\n","protected":false},"excerpt":{"rendered":"<p>Marka : Dunlop Postforming A\u00e7\u0131k Kalma S\u00fcresi Tek\/\u00c7ift Y\u00fcz : 5 &#8211; 10 Dakika Ortam S\u0131cakl\u0131\u011f\u0131na Ba\u011fl\u0131 Viskozite : 270<\/p>\n","protected":false},"featured_media":29365,"comment_status":"open","ping_status":"closed","template":"","meta":[],"product_brand":[80],"product_cat":[75],"product_tag":[],"class_list":{"0":"post-29367","1":"product","2":"type-product","3":"status-publish","4":"has-post-thumbnail","6":"product_brand-dunlop","7":"product_cat-yapistiricilar","9":"first","10":"instock","11":"shipping-taxable","12":"product-type-simple"},"_links":{"self":[{"href":"https:\/\/varisliticaret.com\/index.php\/wp-json\/wp\/v2\/product\/29367","targetHints":{"allow":["GET"]}}],"collection":[{"href":"https:\/\/varisliticaret.com\/index.php\/wp-json\/wp\/v2\/product"}],"about":[{"href":"https:\/\/varisliticaret.com\/index.php\/wp-json\/wp\/v2\/types\/product"}],"replies":[{"embeddable":true,"href":"https:\/\/varisliticaret.com\/index.php\/wp-json\/wp\/v2\/comments?post=29367"}],"version-history":[{"count":1,"href":"https:\/\/varisliticaret.com\/index.php\/wp-json\/wp\/v2\/product\/29367\/revisions"}],"predecessor-version":[{"id":29368,"href":"https:\/\/varisliticaret.com\/index.php\/wp-json\/wp\/v2\/product\/29367\/revisions\/29368"}],"wp:featuredmedia":[{"embeddable":true,"href":"https:\/\/varisliticaret.com\/index.php\/wp-json\/wp\/v2\/media\/29365"}],"wp:attachment":[{"href":"https:\/\/varisliticaret.com\/index.php\/wp-json\/wp\/v2\/media?parent=29367"}],"wp:term":[{"taxonomy":"product_brand","embeddable":true,"href":"https:\/\/varisliticaret.com\/index.php\/wp-json\/wp\/v2\/product_brand?post=29367"},{"taxonomy":"product_cat","embeddable":true,"href":"https:\/\/varisliticaret.com\/index.php\/wp-json\/wp\/v2\/product_cat?post=29367"},{"taxonomy":"product_tag","embeddable":true,"href":"https:\/\/varisliticaret.com\/index.php\/wp-json\/wp\/v2\/product_tag?post=29367"}],"curies":[{"name":"wp","href":"https:\/\/api.w.org\/{rel}","templated":true}]}}