{"id":29369,"date":"2025-09-10T13:21:40","date_gmt":"2025-09-10T13:21:40","guid":{"rendered":"https:\/\/varisliticaret.com\/?post_type=product&#038;p=29369"},"modified":"2025-09-10T13:21:40","modified_gmt":"2025-09-10T13:21:40","slug":"desmodur-rfe","status":"publish","type":"product","link":"https:\/\/varisliticaret.com\/index.php\/urun\/desmodur-rfe\/","title":{"rendered":"DESMODUR RFE"},"content":{"rendered":"<p>Marka : Desmodur<\/p>\n<p>Kullan\u0131m Amac\u0131 : PU yap\u0131\u015ft\u0131r\u0131c\u0131larda \u0131s\u0131 dayan\u0131m\u0131,su dayan\u0131m\u0131,kuruma s\u00fcresinin k\u0131salt\u0131lmas\u0131 ve yap\u0131\u015ft\u0131r\u0131c\u0131n\u0131n g\u00fcc\u00fcn\u00fcn art\u0131r\u0131lmas\u0131 i\u00e7in kullan\u0131l\u0131r.<\/p>\n<p>Kullan\u0131m Talimat\u0131 : PU yap\u0131\u015ft\u0131r\u0131c\u0131lara % 3 \u2013 % 5 oran\u0131nda kar\u0131\u015ft\u0131r\u0131larak kullan\u0131l\u0131r. Olduk\u00e7a kolay bir \u015fekilde kar\u0131\u015f\u0131m yaparak yap\u0131\u015ft\u0131r\u0131c\u0131n\u0131z\u0131 kullanmaya ba\u015flayabilirsiniz.<\/p>\n<p>Bu \u00fcr\u00fcn 1 L\u2019dir.<\/p>\n<p><img fetchpriority=\"high\" decoding=\"async\" class=\"alignnone  wp-image-29371\" src=\"https:\/\/varisliticaret.com\/wp-content\/uploads\/2025\/09\/DESMODUR-RFE-3.jpg\" alt=\"\" width=\"269\" height=\"269\" srcset=\"https:\/\/varisliticaret.com\/wp-content\/uploads\/2025\/09\/DESMODUR-RFE-3.jpg 300w, https:\/\/varisliticaret.com\/wp-content\/uploads\/2025\/09\/DESMODUR-RFE-3-150x150.jpg 150w\" sizes=\"(max-width: 269px) 100vw, 269px\" \/><\/p>\n<p>&nbsp;<\/p>\n","protected":false},"excerpt":{"rendered":"<p>Marka : Desmodur Kullan\u0131m Amac\u0131 : PU yap\u0131\u015ft\u0131r\u0131c\u0131larda \u0131s\u0131 dayan\u0131m\u0131,su dayan\u0131m\u0131,kuruma s\u00fcresinin k\u0131salt\u0131lmas\u0131 ve yap\u0131\u015ft\u0131r\u0131c\u0131n\u0131n g\u00fcc\u00fcn\u00fcn art\u0131r\u0131lmas\u0131 i\u00e7in kullan\u0131l\u0131r. Kullan\u0131m<\/p>\n","protected":false},"featured_media":29372,"comment_status":"open","ping_status":"closed","template":"","meta":[],"product_brand":[82],"product_cat":[81],"product_tag":[],"class_list":{"0":"post-29369","1":"product","2":"type-product","3":"status-publish","4":"has-post-thumbnail","6":"product_brand-desmodur","7":"product_cat-yapistirici-guclendirici","9":"first","10":"instock","11":"shipping-taxable","12":"product-type-simple"},"_links":{"self":[{"href":"https:\/\/varisliticaret.com\/index.php\/wp-json\/wp\/v2\/product\/29369","targetHints":{"allow":["GET"]}}],"collection":[{"href":"https:\/\/varisliticaret.com\/index.php\/wp-json\/wp\/v2\/product"}],"about":[{"href":"https:\/\/varisliticaret.com\/index.php\/wp-json\/wp\/v2\/types\/product"}],"replies":[{"embeddable":true,"href":"https:\/\/varisliticaret.com\/index.php\/wp-json\/wp\/v2\/comments?post=29369"}],"version-history":[{"count":1,"href":"https:\/\/varisliticaret.com\/index.php\/wp-json\/wp\/v2\/product\/29369\/revisions"}],"predecessor-version":[{"id":29373,"href":"https:\/\/varisliticaret.com\/index.php\/wp-json\/wp\/v2\/product\/29369\/revisions\/29373"}],"wp:featuredmedia":[{"embeddable":true,"href":"https:\/\/varisliticaret.com\/index.php\/wp-json\/wp\/v2\/media\/29372"}],"wp:attachment":[{"href":"https:\/\/varisliticaret.com\/index.php\/wp-json\/wp\/v2\/media?parent=29369"}],"wp:term":[{"taxonomy":"product_brand","embeddable":true,"href":"https:\/\/varisliticaret.com\/index.php\/wp-json\/wp\/v2\/product_brand?post=29369"},{"taxonomy":"product_cat","embeddable":true,"href":"https:\/\/varisliticaret.com\/index.php\/wp-json\/wp\/v2\/product_cat?post=29369"},{"taxonomy":"product_tag","embeddable":true,"href":"https:\/\/varisliticaret.com\/index.php\/wp-json\/wp\/v2\/product_tag?post=29369"}],"curies":[{"name":"wp","href":"https:\/\/api.w.org\/{rel}","templated":true}]}}